{"id":6330,"date":"2022-06-14T16:58:26","date_gmt":"2022-06-14T16:58:26","guid":{"rendered":"https:\/\/kulturi.mx\/?page_id=6330"},"modified":"2025-09-13T19:08:48","modified_gmt":"2025-09-13T19:08:48","slug":"blog","status":"publish","type":"page","link":"https:\/\/kulturi.mx\/index.php\/blog\/","title":{"rendered":"Blog"},"content":{"rendered":"<p>[vc_row css_animation=&#8221;slideInUp&#8221; row_content_width=&#8221;grid&#8221; background_image_fixed_position=&#8221;yes&#8221; disable_background_image=&#8221;&#8221; css=&#8221;.vc_custom_1624659513446{padding-top: 115px !important;padding-bottom: 118px !important;}&#8221; simple_background_image=&#8221;4722&#8243;][vc_column][vc_row_inner][vc_column_inner][vc_column_text]<\/p>\n<h3 style=\"text-align: center;\">Todo sobre cultura, talleres,\u00a0arte\u00a0y\u00a0m\u00e1s&#8230;<\/h3>\n<p style=\"text-align: center;\">Rese\u00f1as de nuestros eventos, entrevistas, recomendaciones y m\u00e1s<\/p>\n<p>[\/vc_column_text][\/vc_column_inner][\/vc_row_inner][vc_empty_space][\/vc_column][\/vc_row][vc_row css=&#8221;.vc_custom_1736293535692{padding-top: 5px !important;padding-right: 5px !important;padding-bottom: 5px !important;padding-left: 5px !important;}&#8221;][vc_column][vc_row_inner css=&#8221;.vc_custom_1736294669666{margin-bottom: 5px !important;}&#8221;][vc_column_inner width=&#8221;1\/4&#8243; css=&#8221;.vc_custom_1736304862982{margin-top: 5px !important;margin-bottom: 5px !important;}&#8221;][vc_hoverbox image=&#8221;6346&#8243; primary_title=&#8221;&#8221; hover_title=&#8221;Rock &amp; Meet 2022&#8243; hover_btn_title=&#8221;Leer m\u00e1s&#8221; hover_btn_color=&#8221;juicy-pink&#8221; hover_add_button=&#8221;true&#8221; hover_btn_link=&#8221;url:https%3A%2F%2Fkulturi.mx%2Findex.php%2F2022%2F06%2F29%2Frock-meet%2F&#8221; hover_btn_el_class=&#8221;servicios_class&#8221; el_class=&#8221;servicios_class&#8221;][\/vc_hoverbox][\/vc_column_inner][vc_column_inner width=&#8221;1\/4&#8243; css=&#8221;.vc_custom_1736304870776{margin-top: 5px !important;margin-bottom: 5px !important;}&#8221;][vc_hoverbox image=&#8221;6360&#8243; primary_title=&#8221;&#8221; hover_title=&#8221;\u00a1Conoce Bajo Tierra Museo!&#8221; hover_btn_title=&#8221;Leer m\u00e1s&#8221; hover_btn_color=&#8221;juicy-pink&#8221; hover_add_button=&#8221;true&#8221; hover_btn_link=&#8221;url:https%3A%2F%2Fkulturi.mx%2Findex.php%2F2022%2F06%2F21%2Fconoce-bajo-tierra-museo%2F&#8221; hover_btn_el_class=&#8221;servicios_class&#8221; el_class=&#8221;servicios_class&#8221;][\/vc_hoverbox][\/vc_column_inner][vc_column_inner width=&#8221;1\/4&#8243; css=&#8221;.vc_custom_1736304877909{margin-top: 5px !important;margin-bottom: 5px !important;}&#8221;][vc_hoverbox image=&#8221;6702&#8243; primary_title=&#8221;&#8221; hover_title=&#8221;El arte favorece la reflexi\u00f3n en los ni\u00f1os&#8221; hover_btn_title=&#8221;Leer m\u00e1s&#8221; hover_btn_color=&#8221;juicy-pink&#8221; hover_add_button=&#8221;true&#8221; hover_btn_link=&#8221;url:https%3A%2F%2Fkulturi.mx%2Findex.php%2F2024%2F03%2F31%2Fcomo-el-arte-favorece-la-reflexion-en-los-ninos-2%2F&#8221;][\/vc_hoverbox][\/vc_column_inner][vc_column_inner width=&#8221;1\/4&#8243; css=&#8221;.vc_custom_1736304886885{margin-top: 5px !important;margin-bottom: 5px !important;}&#8221;][vc_hoverbox image=&#8221;6368&#8243; primary_title=&#8221;&#8221; hover_title=&#8221;\u00a1Entre tablas!: El vestuario&#8221; hover_btn_title=&#8221;Leer m\u00e1s&#8221; hover_btn_color=&#8221;juicy-pink&#8221; hover_add_button=&#8221;true&#8221; hover_btn_link=&#8221;url:https%3A%2F%2Fkulturi.mx%2Findex.php%2F2022%2F06%2F23%2Fentre-tablas-el-vestuario%2F&#8221; hover_btn_el_class=&#8221;servicios_class&#8221; el_class=&#8221;servicios_class&#8221;][\/vc_hoverbox][\/vc_column_inner][\/vc_row_inner][vc_row_inner css=&#8221;.vc_custom_1736293579189{margin-bottom: 5px !important;}&#8221;][vc_column_inner width=&#8221;1\/4&#8243; css=&#8221;.vc_custom_1736304824416{margin-top: 5px !important;margin-bottom: 5px !important;}&#8221;][vc_hoverbox image=&#8221;6706&#8243; primary_title=&#8221;&#8221; hover_title=&#8221;\u00a1Conoce a Carlos Vel\u00e1zquez!&#8221; hover_btn_title=&#8221;Leer m\u00e1s&#8221; hover_btn_color=&#8221;juicy-pink&#8221; hover_add_button=&#8221;true&#8221; hover_btn_link=&#8221;url:https%3A%2F%2Fkulturi.mx%2Findex.php%2F2024%2F03%2F31%2Fconoce-a-carlos-velazquez%2F&#8221; hover_btn_el_class=&#8221;servicios_class&#8221; el_class=&#8221;servicios_class&#8221;][\/vc_hoverbox][\/vc_column_inner][vc_column_inner width=&#8221;1\/4&#8243; css=&#8221;.vc_custom_1736304814053{margin-top: 5px !important;margin-bottom: 5px !important;}&#8221;][vc_hoverbox image=&#8221;6711&#8243; primary_title=&#8221;&#8221; hover_title=&#8221;Educaci\u00f3n y escritura&#8221; hover_btn_title=&#8221;Leer m\u00e1s&#8221; hover_btn_color=&#8221;juicy-pink&#8221; hover_add_button=&#8221;true&#8221; hover_btn_link=&#8221;url:https%3A%2F%2Fkulturi.mx%2Findex.php%2F2024%2F03%2F31%2Feducacion-y-escritura%2F&#8221; hover_btn_el_class=&#8221;servicios_class&#8221; el_class=&#8221;servicios_class&#8221;][\/vc_hoverbox][\/vc_column_inner][vc_column_inner width=&#8221;1\/4&#8243; css=&#8221;.vc_custom_1736304828578{margin-top: 5px !important;margin-bottom: 5px !important;}&#8221;][vc_hoverbox image=&#8221;6775&#8243; primary_title=&#8221;&#8221; hover_title=&#8221;Descubre el Encanto de Ave Barrera&#8221; hover_btn_title=&#8221;Leer m\u00e1s&#8221; hover_btn_color=&#8221;juicy-pink&#8221; hover_add_button=&#8221;true&#8221; hover_btn_link=&#8221;url:https%3A%2F%2Fkulturi.mx%2Findex.php%2F2024%2F05%2F06%2Fdescubre-el-encanto-de-ave-barrera-taller-online-proximamente%2F|title:Descubre%20el%20Encanto%20de%20Ave%20Barrera%3A%20Taller%20Online%20Pr%C3%B3ximamente&#8221;][\/vc_hoverbox][\/vc_column_inner][vc_column_inner width=&#8221;1\/4&#8243; css=&#8221;.vc_custom_1736304833867{margin-top: 5px !important;margin-bottom: 5px !important;}&#8221;][vc_hoverbox image=&#8221;6737&#8243; primary_title=&#8221;&#8221; hover_title=&#8221;\u00bfC\u00f3mo el arte mejora el bienestar?&#8221; hover_btn_title=&#8221;Leer m\u00e1s&#8221; hover_btn_color=&#8221;juicy-pink&#8221; hover_add_button=&#8221;true&#8221; hover_btn_link=&#8221;url:https%3A%2F%2Fkulturi.mx%2Findex.php%2F2024%2F05%2F05%2Fcomo-mejora-el-arte-el-bienestar-de-las-personas%2F|title:%C2%A0%C2%BFC%C3%B3mo%20mejora%20el%20arte%20el%20bienestar%20de%20las%20personas%3F&#8221; hover_btn_el_class=&#8221;servicios_class&#8221; el_class=&#8221;servicios_class&#8221;][\/vc_hoverbox][\/vc_column_inner][\/vc_row_inner][vc_row_inner css=&#8221;.vc_custom_1736293572483{margin-bottom: 5px !important;}&#8221;][vc_column_inner width=&#8221;1\/4&#8243; css=&#8221;.vc_custom_1736304894961{margin-top: 5px !important;margin-bottom: 5px !important;}&#8221;][vc_hoverbox image=&#8221;6751&#8243; primary_title=&#8221;&#8221; hover_title=&#8221;\u00bfSabes qu\u00e9 es una Pareidolia?&#8221; hover_btn_title=&#8221;Leer m\u00e1s&#8221; hover_btn_color=&#8221;juicy-pink&#8221; hover_add_button=&#8221;true&#8221; hover_btn_link=&#8221;url:https%3A%2F%2Fkulturi.mx%2Findex.php%2F2024%2F05%2F06%2Fsabes-que-es-una-pareidolia%2F|title:%C2%BFSabes%20qu%C3%A9%20es%20una%20Pareidolia%3F&#8221; hover_btn_el_class=&#8221;servicios_class&#8221; el_class=&#8221;servicios_class&#8221;][\/vc_hoverbox][\/vc_column_inner][vc_column_inner width=&#8221;1\/4&#8243; css=&#8221;.vc_custom_1736304899910{margin-top: 5px !important;margin-bottom: 5px !important;}&#8221;][vc_hoverbox image=&#8221;6772&#8243; primary_title=&#8221;&#8221; hover_title=&#8221;Abre las puertas a tu Potencial Creativo&#8221; hover_btn_title=&#8221;Leer m\u00e1s&#8221; hover_btn_color=&#8221;juicy-pink&#8221; hover_add_button=&#8221;true&#8221; hover_btn_link=&#8221;url:https%3A%2F%2Fkulturi.mx%2Findex.php%2F2024%2F05%2F07%2Fabre-las-puertas-a-tu-potencial-creativo%2F|title:Descubre%20el%20Encanto%20de%20Ave%20Barrera%3A%20Taller%20Online%20Pr%C3%B3ximamente&#8221;][\/vc_hoverbox][\/vc_column_inner][vc_column_inner width=&#8221;1\/4&#8243; css=&#8221;.vc_custom_1736304905875{margin-top: 5px !important;margin-bottom: 5px !important;}&#8221;][vc_hoverbox image=&#8221;6773&#8243; primary_title=&#8221;&#8221; hover_title=&#8221;La Magia en la Literatura Infantil&#8221; hover_btn_title=&#8221;Leer m\u00e1s&#8221; hover_btn_color=&#8221;juicy-pink&#8221; hover_add_button=&#8221;true&#8221; hover_btn_link=&#8221;url:https%3A%2F%2Fkulturi.mx%2Findex.php%2F2024%2F05%2F07%2Fdescubriendo-el-encanto-de-ernestina-la-magia-en-la-literatura-infantil%2F|title:Descubriendo%20el%20Encanto%20de%20Ernestina%3A%20La%20Magia%20en%20la%20Literatura%20Infantil&#8221; hover_btn_el_class=&#8221;servicios_class&#8221; el_class=&#8221;servicios_class&#8221;][\/vc_hoverbox][\/vc_column_inner][vc_column_inner width=&#8221;1\/4&#8243; css=&#8221;.vc_custom_1736304913013{margin-top: 5px !important;margin-bottom: 5px !important;}&#8221;][vc_hoverbox image=&#8221;6790&#8243; primary_title=&#8221;&#8221; hover_title=&#8221;El Mundo Editorial en Quer\u00e9taro&#8221; hover_btn_title=&#8221;Leer m\u00e1s&#8221; hover_btn_color=&#8221;juicy-pink&#8221; hover_add_button=&#8221;true&#8221; hover_btn_link=&#8221;url:https%3A%2F%2Fkulturi.mx%2Findex.php%2F2024%2F06%2F02%2Fel-mundo-editorial-en-queretaro%2F|title:El%20Mundo%20Editorial%20en%20Quer%C3%A9taro&#8221; hover_btn_el_class=&#8221;servicios_class&#8221; el_class=&#8221;servicios_class&#8221;][\/vc_hoverbox][\/vc_column_inner][\/vc_row_inner][vc_row_inner css=&#8221;.vc_custom_1736293592822{margin-bottom: 5px !important;}&#8221;][vc_column_inner width=&#8221;1\/4&#8243; css=&#8221;.vc_custom_1736304921918{margin-top: 5px !important;margin-bottom: 5px !important;}&#8221;][vc_hoverbox image=&#8221;6800&#8243; primary_title=&#8221;&#8221; hover_title=&#8221;\u00bfCon ganas de terror?&#8221; hover_btn_title=&#8221;Leer m\u00e1s&#8221; hover_btn_color=&#8221;juicy-pink&#8221; hover_add_button=&#8221;true&#8221; hover_btn_link=&#8221;url:https%3A%2F%2Fkulturi.mx%2Findex.php%2F2024%2F06%2F02%2Fcon-ganas-de-terror-aqui-te-van-5-libros-de-terror-que-no-te-puedes-perder%2F|title:Elige%20%C2%BFCon%20ganas%20de%20terror%3F%20Aqu%C3%AD%20te%20van%205%20libros%20de%20terror%20que%20no%20te%20puedes%20perder%09%20%C2%BFCon%20ganas%20de%20terror%3F%20Aqu%C3%AD%20te%20van%205%20libros%20de%20terror%20que%20no%20te%20puedes%20perder&#8221; hover_btn_el_class=&#8221;servicios_class&#8221; el_class=&#8221;servicios_class&#8221;][\/vc_hoverbox][\/vc_column_inner][vc_column_inner width=&#8221;1\/4&#8243; css=&#8221;.vc_custom_1736304927478{margin-top: 5px !important;margin-bottom: 5px !important;}&#8221;][vc_hoverbox image=&#8221;6804&#8243; primary_title=&#8221;&#8221; hover_title=&#8221;\u00bfNo sabes qu\u00e9 leer?&#8221; hover_btn_title=&#8221;Leer m\u00e1s&#8221; hover_btn_color=&#8221;juicy-pink&#8221; hover_add_button=&#8221;true&#8221; hover_btn_link=&#8221;url:https%3A%2F%2Fkulturi.mx%2Findex.php%2F2024%2F06%2F02%2Fno-sabes-que-leer-5-recomendaciones-de-libros-contemporaneos%2F|title:%C2%BFNo%20sabes%20qu%C3%A9%20leer%3F%205%20recomendaciones%20de%20libros%20contempor%C3%A1neos&#8221; hover_btn_el_class=&#8221;servicios_class&#8221; el_class=&#8221;servicios_class&#8221;][\/vc_hoverbox][\/vc_column_inner][vc_column_inner width=&#8221;1\/4&#8243; css=&#8221;.vc_custom_1736304932661{margin-top: 5px !important;margin-bottom: 5px !important;}&#8221;][vc_hoverbox image=&#8221;6818&#8243; primary_title=&#8221;&#8221; hover_title=&#8221;Olivia Teroba&#8221; hover_btn_title=&#8221;Leer m\u00e1s&#8221; hover_btn_color=&#8221;juicy-pink&#8221; hover_add_button=&#8221;true&#8221; hover_btn_link=&#8221;url:https%3A%2F%2Fkulturi.mx%2Findex.php%2F2024%2F06%2F05%2Folivia-teroba-escritora-mexicana%2F|title:Olivia%20Teroba%3A%20escritora%20mexicana&#8221; hover_btn_el_class=&#8221;servicios_class&#8221; el_class=&#8221;servicios_class&#8221;][\/vc_hoverbox][\/vc_column_inner][vc_column_inner width=&#8221;1\/4&#8243; css=&#8221;.vc_custom_1736304940116{margin-top: 5px !important;margin-bottom: 5px !important;}&#8221;][vc_hoverbox image=&#8221;6887&#8243; primary_title=&#8221;&#8221; hover_title=&#8221;Tallerear tu textos&#8221; hover_btn_title=&#8221;Leer m\u00e1s&#8221; hover_btn_color=&#8221;juicy-pink&#8221; hover_add_button=&#8221;true&#8221; hover_btn_link=&#8221;url:https%3A%2F%2Fkulturi.mx%2Findex.php%2F2025%2F01%2F07%2Fla-importancia-de-tallerear-tus-textos%2F|title:La%20importancia%20de%20tallerear%20tus%20textos&#8221; hover_btn_el_class=&#8221;servicios_class&#8221; el_class=&#8221;servicios_class&#8221;][\/vc_hoverbox][\/vc_column_inner][\/vc_row_inner][vc_row_inner css=&#8221;.vc_custom_1736352267441{margin-bottom: 5px !important;}&#8221;][vc_column_inner width=&#8221;1\/4&#8243; css=&#8221;.vc_custom_1736304948249{margin-top: 5px !important;margin-bottom: 5px !important;}&#8221;][vc_hoverbox image=&#8221;6895&#8243; primary_title=&#8221;&#8221; hover_title=&#8221;Voces de cambio&#8221; hover_btn_title=&#8221;Leer m\u00e1s&#8221; hover_btn_color=&#8221;juicy-pink&#8221; hover_add_button=&#8221;true&#8221; hover_btn_link=&#8221;url:https%3A%2F%2Fkulturi.mx%2Findex.php%2F2024%2F12%2F16%2Fvoces-de-cambio-cinco-artistas-mexicanos-que-tambien-son-activistas%2F|title:Voces%20de%20Cambio%3A%20Artistas%20Mexicanos%20Activistas&#8221; hover_btn_el_class=&#8221;servicios_class&#8221; el_class=&#8221;servicios_class&#8221;][\/vc_hoverbox][\/vc_column_inner][vc_column_inner width=&#8221;1\/4&#8243; css=&#8221;.vc_custom_1736304952838{margin-top: 5px !important;margin-bottom: 5px !important;}&#8221;][vc_hoverbox image=&#8221;6904&#8243; primary_title=&#8221;&#8221; hover_title=&#8221;Libros prohibidos&#8221; hover_btn_title=&#8221;Leer m\u00e1s&#8221; hover_btn_color=&#8221;juicy-pink&#8221; hover_add_button=&#8221;true&#8221; hover_btn_link=&#8221;url:https%3A%2F%2Fkulturi.mx%2Findex.php%2F2025%2F01%2F07%2Flibros-prohibidos-cinco-obras-que-desafiaron-su-tiempo%2F|title:Libros%20prohibidos%3A%20cinco%20obras%20que%20desafiaron%20su%20tiempo&#8221; hover_btn_el_class=&#8221;servicios_class&#8221; el_class=&#8221;servicios_class&#8221;][\/vc_hoverbox][\/vc_column_inner][vc_column_inner width=&#8221;1\/4&#8243; css=&#8221;.vc_custom_1736304957756{margin-top: 5px !important;margin-bottom: 5px !important;}&#8221;][vc_hoverbox image=&#8221;6905&#8243; primary_title=&#8221;&#8221; hover_title=&#8221;Descubre el cine mexicano&#8221; hover_btn_title=&#8221;Leer m\u00e1s&#8221; hover_btn_color=&#8221;juicy-pink&#8221; hover_add_button=&#8221;true&#8221; hover_btn_link=&#8221;url:https%3A%2F%2Fkulturi.mx%2Findex.php%2F2025%2F01%2F07%2F5-adaptaciones-literarias-mexicanas-que-seguro-no-conocias%2F|title:Adaptaciones%20literarias%20mexicanas%20que%20seguro%20no%20conoc%C3%ADas&#8221; hover_btn_el_class=&#8221;servicios_class&#8221; el_class=&#8221;servicios_class&#8221;][\/vc_hoverbox][\/vc_column_inner][vc_column_inner width=&#8221;1\/4&#8243; css=&#8221;.vc_custom_1736304990218{margin-top: 5px !important;margin-bottom: 5px !important;}&#8221;][vc_hoverbox image=&#8221;6924&#8243; primary_title=&#8221;&#8221; hover_title=&#8221;\u00bfCiencia ficci\u00f3n o realidad?&#8221; hover_btn_title=&#8221;Leer m\u00e1s&#8221; hover_btn_color=&#8221;juicy-pink&#8221; hover_add_button=&#8221;true&#8221; hover_btn_link=&#8221;url:https%3A%2F%2Fkulturi.mx%2Findex.php%2F2025%2F01%2F08%2F5-libros-de-ciencia-ficcion-que-podrian-ser-verdad%2F|title:Libros%20de%20ciencia%20ficci%C3%B3n%20que%20podr%C3%ADan%20ser%20verdad&#8221; hover_btn_el_class=&#8221;servicios_class&#8221; el_class=&#8221;servicios_class&#8221;][\/vc_hoverbox][\/vc_column_inner][\/vc_row_inner][vc_row_inner css=&#8221;.vc_custom_1736352272723{margin-bottom: 5px !important;}&#8221;][vc_column_inner width=&#8221;1\/4&#8243; css=&#8221;.vc_custom_1736304968617{margin-top: 5px !important;margin-bottom: 5px !important;}&#8221;][vc_hoverbox image=&#8221;6917&#8243; primary_title=&#8221;&#8221; hover_title=&#8221;Pol\u00edticas culturales&#8221; hover_btn_title=&#8221;Leer m\u00e1s&#8221; hover_btn_color=&#8221;juicy-pink&#8221; hover_add_button=&#8221;true&#8221; hover_btn_link=&#8221;url:https%3A%2F%2Fkulturi.mx%2Findex.php%2F2025%2F01%2F08%2Fla-importancia-de-las-politicas-publicas-culturales-para-la-sociedad%2F|title:La%20importancia%20de%20las%20Pol%C3%ADticas%20P%C3%BAbilcas%20Culturales%20para%20la%20sociedad&#8221; hover_btn_el_class=&#8221;servicios_class&#8221; el_class=&#8221;servicios_class&#8221;][\/vc_hoverbox][\/vc_column_inner][vc_column_inner width=&#8221;1\/4&#8243; css=&#8221;.vc_custom_1736304974346{margin-top: 5px !important;margin-bottom: 5px !important;}&#8221;][vc_hoverbox image=&#8221;6907&#8243; primary_title=&#8221;&#8221; hover_title=&#8221;Un recorrido cultural por Quer\u00e9taro&#8221; hover_btn_title=&#8221;Leer m\u00e1s&#8221; hover_btn_color=&#8221;juicy-pink&#8221; hover_add_button=&#8221;true&#8221; hover_btn_link=&#8221;url:https%3A%2F%2Fkulturi.mx%2Findex.php%2F2025%2F01%2F08%2Fexplorando-la-riqueza-cultural-de-queretaro-un-recorrido-por-sus-museos%2F|title:Explorando%20la%20Riqueza%20Cultural%20de%20Quer%C3%A9taro%3A%20Un%20Recorrido%20por%20sus%20Museos&#8221; hover_btn_el_class=&#8221;servicios_class&#8221; el_class=&#8221;servicios_class&#8221;][\/vc_hoverbox][\/vc_column_inner][vc_column_inner width=&#8221;1\/4&#8243; css=&#8221;.vc_custom_1736304980058{margin-top: 5px !important;margin-bottom: 5px !important;}&#8221;][vc_hoverbox image=&#8221;6908&#8243; primary_title=&#8221;&#8221; hover_title=&#8221;Revoluci\u00f3n creativa&#8221; hover_btn_title=&#8221;Leer m\u00e1s&#8221; hover_btn_color=&#8221;juicy-pink&#8221; hover_add_button=&#8221;true&#8221; hover_btn_link=&#8221;url:https%3A%2F%2Fkulturi.mx%2Findex.php%2F2025%2F01%2F08%2Frevolucion-creativa-casos-inspiradores-de-cambio-social-a-traves-del-arte%2F|title:Revoluci%C3%B3n%20Creativa%3A%20Cambio%20social%20a%20trav%C3%A9s%20del%20arte&#8221; hover_btn_el_class=&#8221;servicios_class&#8221; el_class=&#8221;servicios_class&#8221;][\/vc_hoverbox][\/vc_column_inner][vc_column_inner width=&#8221;1\/4&#8243; css=&#8221;.vc_custom_1736304986079{margin-top: 5px !important;margin-bottom: 5px !important;}&#8221;][vc_hoverbox image=&#8221;6906&#8243; primary_title=&#8221;&#8221; hover_title=&#8221;Aumenta tu creatividad&#8221; hover_btn_title=&#8221;Leer m\u00e1s&#8221; hover_btn_color=&#8221;juicy-pink&#8221; hover_add_button=&#8221;true&#8221; hover_btn_link=&#8221;url:https%3A%2F%2Fkulturi.mx%2Findex.php%2F2025%2F01%2F08%2Fdesata-tu-imaginacion-estrategias-faciles-para-aumentar-la-creatividad%2F|title:Desata%20tu%20imaginaci%C3%B3n%3A%20Estrategias%20f%C3%A1ciles%20para%20aumentar%20la%20creatividad&#8221; hover_btn_el_class=&#8221;servicios_class&#8221; el_class=&#8221;servicios_class&#8221;][\/vc_hoverbox][\/vc_column_inner][\/vc_row_inner][vc_row_inner css=&#8221;.vc_custom_1736352277898{margin-bottom: 5px !important;}&#8221;][vc_column_inner width=&#8221;1\/4&#8243; css=&#8221;.vc_custom_1736304996025{margin-top: 5px !important;margin-bottom: 5px !important;}&#8221;][vc_hoverbox image=&#8221;6913&#8243; primary_title=&#8221;&#8221; hover_title=&#8221;Colores que sanan&#8221; hover_btn_title=&#8221;Leer m\u00e1s&#8221; hover_btn_color=&#8221;juicy-pink&#8221; hover_add_button=&#8221;true&#8221; hover_btn_link=&#8221;url:https%3A%2F%2Fkulturi.mx%2Findex.php%2F2025%2F01%2F08%2Fcolores-que-sanan-5-ejercicios-de-arteterapia-para-ninos%2F|title:Colores%20que%20Sanan%3A%20ejercicios%20de%20arteterapia%20para%20ni%C3%B1os&#8221; hover_btn_el_class=&#8221;servicios_class&#8221; el_class=&#8221;servicios_class&#8221;][\/vc_hoverbox][\/vc_column_inner][vc_column_inner width=&#8221;1\/4&#8243; css=&#8221;.vc_custom_1736305007501{margin-top: 5px !important;margin-bottom: 5px !important;}&#8221;][vc_hoverbox image=&#8221;6914&#8243; primary_title=&#8221;&#8221; hover_title=&#8221;\u00bfPor qu\u00e9 tu hijo deber\u00eda actuar?&#8221; hover_btn_title=&#8221;Leer m\u00e1s&#8221; hover_btn_color=&#8221;juicy-pink&#8221; hover_add_button=&#8221;true&#8221; hover_btn_link=&#8221;url:https%3A%2F%2Fkulturi.mx%2Findex.php%2F2025%2F01%2F08%2Flos-beneficios-del-teatro-para-ninos-y-jovenes-por-que-tu-hijo-deberia-actuar%2F|title:Los%20beneficios%20de%20teatro%20para%20ni%C3%B1os%20y%20j%C3%B3venes&#8221; hover_btn_el_class=&#8221;servicios_class&#8221; el_class=&#8221;servicios_class&#8221;][\/vc_hoverbox][\/vc_column_inner][vc_column_inner width=&#8221;1\/4&#8243; css=&#8221;.vc_custom_1736305020093{margin-top: 5px !important;margin-bottom: 5px !important;}&#8221;][vc_hoverbox image=&#8221;6915&#8243; primary_title=&#8221;&#8221; hover_title=&#8221;La historia en los libros&#8221; hover_btn_title=&#8221;Leer m\u00e1s&#8221; hover_btn_color=&#8221;juicy-pink&#8221; hover_add_button=&#8221;true&#8221; hover_btn_link=&#8221;url:https%3A%2F%2Fkulturi.mx%2Findex.php%2F2025%2F01%2F08%2F5-novelas-historicas-que-no-te-puedes-perder%2F|title:Novelas%20hist%C3%B3ricas%20que%20no%20te%20puedes%20perder&#8221; hover_btn_el_class=&#8221;servicios_class&#8221; el_class=&#8221;servicios_class&#8221;][\/vc_hoverbox][\/vc_column_inner][vc_column_inner width=&#8221;1\/4&#8243; css=&#8221;.vc_custom_1736305034639{margin-top: 5px !important;margin-bottom: 5px !important;}&#8221;][vc_hoverbox image=&#8221;6916&#8243; primary_title=&#8221;&#8221; hover_title=&#8221;Editoriales independientes&#8221; hover_btn_title=&#8221;Leer m\u00e1s&#8221; hover_btn_color=&#8221;juicy-pink&#8221; hover_add_button=&#8221;true&#8221; hover_btn_link=&#8221;url:https%3A%2F%2Fkulturi.mx%2Findex.php%2F2025%2F01%2F08%2Feditoriales-independientes-que-debes-conocer%2F|title:Editoriales%20independientes%20que%20debes%20conocer&#8221; hover_btn_el_class=&#8221;servicios_class&#8221; el_class=&#8221;servicios_class&#8221;][\/vc_hoverbox][\/vc_column_inner][\/vc_row_inner][vc_row_inner css=&#8221;.vc_custom_1736352282791{margin-bottom: 5px !important;}&#8221;][vc_column_inner width=&#8221;1\/4&#8243; css=&#8221;.vc_custom_1736305001875{margin-top: 5px !important;margin-bottom: 5px !important;}&#8221;][vc_hoverbox image=&#8221;6909&#8243; primary_title=&#8221;&#8221; hover_title=&#8221;Para que los ni\u00f1os lean&#8221; hover_btn_title=&#8221;Leer m\u00e1s&#8221; hover_btn_color=&#8221;juicy-pink&#8221; hover_add_button=&#8221;true&#8221; hover_btn_link=&#8221;url:https%3A%2F%2Fkulturi.mx%2Findex.php%2F2025%2F01%2F08%2Fcomo-fomentar-la-lectura-en-tus-ninos%2F|title:%C2%BFC%C3%B3mo%20fomentar%20la%20lectura%20en%20los%20ni%C3%B1os%3F&#8221; hover_btn_el_class=&#8221;servicios_class&#8221; el_class=&#8221;servicios_class&#8221;][\/vc_hoverbox][\/vc_column_inner][vc_column_inner width=&#8221;1\/4&#8243; css=&#8221;.vc_custom_1736305025834{margin-top: 5px !important;margin-bottom: 5px !important;}&#8221;][vc_hoverbox image=&#8221;7000&#8243; primary_title=&#8221;&#8221; hover_title=&#8221;Mujeres Disruptivas&#8221; hover_btn_title=&#8221;Leer m\u00e1s&#8221; hover_btn_color=&#8221;juicy-pink&#8221; hover_add_button=&#8221;true&#8221; hover_btn_link=&#8221;url:https%3A%2F%2Fkulturi.mx%2Findex.php%2F2025%2F01%2F08%2Fmujeres-disruptivas-en-la-literatura%2F|title:Mujeres%20disruptivas%20en%20la%20literatura&#8221; hover_btn_el_class=&#8221;servicios_class&#8221; el_class=&#8221;servicios_class&#8221;][\/vc_hoverbox][\/vc_column_inner][vc_column_inner width=&#8221;1\/4&#8243; css=&#8221;.vc_custom_1736305040306{margin-top: 5px !important;margin-bottom: 5px !important;}&#8221;][vc_hoverbox image=&#8221;6920&#8243; primary_title=&#8221;&#8221; hover_title=&#8221;Libros que incomodan&#8221; hover_btn_title=&#8221;Leer m\u00e1s&#8221; hover_btn_color=&#8221;juicy-pink&#8221; hover_add_button=&#8221;true&#8221; hover_btn_link=&#8221;url:https%3A%2F%2Fkulturi.mx%2Findex.php%2F2025%2F01%2F08%2Flibros-que-incomodan-explorando-letras-para-el-abismo-y-ese-tiempo-que-no-se-siente%2F|title:Explorando%20%22Letras%20Para%20el%20Abismo%22%20y%20%22Este%20tiempo%20que%20no%20se%20siente%22&#8243; hover_btn_el_class=&#8221;servicios_class&#8221; el_class=&#8221;servicios_class&#8221;][\/vc_hoverbox][\/vc_column_inner][\/vc_row_inner][vc_row_inner css=&#8221;.vc_custom_1736352282791{margin-bottom: 5px !important;}&#8221;][vc_column_inner width=&#8221;1\/4&#8243; css=&#8221;.vc_custom_1736305040306{margin-top: 5px !important;margin-bottom: 5px !important;}&#8221;][vc_hoverbox image=&#8221;6992&#8243; primary_title=&#8221;&#8221; hover_title=&#8221;La IA y la cultura: un encuentro lleno de posibilidades&#8221; hover_btn_title=&#8221;Leer m\u00e1s&#8221; hover_btn_color=&#8221;juicy-pink&#8221; hover_add_button=&#8221;true&#8221; hover_btn_link=&#8221;url:https%3A%2F%2Fkulturi.mx%2Findex.php%2F2025%2F09%2F12%2Fla-ia-y-la-cultura-un-encuentro-lleno-de-posibilidades%2F|title:Explorando%20%22Letras%20Para%20el%20Abismo%22%20y%20%22Este%20tiempo%20que%20no%20se%20siente%22&#8243; hover_btn_el_class=&#8221;servicios_class&#8221; el_class=&#8221;servicios_class&#8221;][\/vc_hoverbox][\/vc_column_inner][\/vc_row_inner][\/vc_column][\/vc_row]<\/p>\n","protected":false},"excerpt":{"rendered":"<p>[vc_row css_animation=&#8221;slideInUp&#8221; row_content_width=&#8221;grid&#8221; background_image_fixed_position=&#8221;yes&#8221; disable_background_image=&#8221;&#8221; css=&#8221;.vc_custom_1624659513446{padding-top: 115px !important;padding-bottom: 118px !important;}&#8221; simple_background_image=&#8221;4722&#8243;][vc_column][vc_row_inner][vc_column_inner][vc_column_text] Todo sobre cultura, talleres,\u00a0arte\u00a0y\u00a0m\u00e1s&#8230; Rese\u00f1as de nuestros eventos, entrevistas, recomendaciones y m\u00e1s [\/vc_column_text][\/vc_column_inner][\/vc_row_inner][vc_empty_space][\/vc_column][\/vc_row][vc_row css=&#8221;.vc_custom_1736293535692{padding-top: 5px !important;padding-right: 5px !important;padding-bottom: 5px !important;padding-left: 5px !important;}&#8221;][vc_column][vc_row_inner css=&#8221;.vc_custom_1736294669666{margin-bottom: 5px !important;}&#8221;][vc_column_inner width=&#8221;1\/4&#8243; css=&#8221;.vc_custom_1736304862982{margin-top: 5px !important;margin-bottom: [&hellip;]<\/p>\n","protected":false},"author":3,"featured_media":0,"parent":0,"menu_order":0,"comment_status":"closed","ping_status":"closed","template":"full-width.php","meta":{"footnotes":""},"class_list":["post-6330","page","type-page","status-publish","hentry"],"_links":{"self":[{"href":"https:\/\/kulturi.mx\/index.php\/wp-json\/wp\/v2\/pages\/6330","targetHints":{"allow":["GET"]}}],"collection":[{"href":"https:\/\/kulturi.mx\/index.php\/wp-json\/wp\/v2\/pages"}],"about":[{"href":"https:\/\/kulturi.mx\/index.php\/wp-json\/wp\/v2\/types\/page"}],"author":[{"embeddable":true,"href":"https:\/\/kulturi.mx\/index.php\/wp-json\/wp\/v2\/users\/3"}],"replies":[{"embeddable":true,"href":"https:\/\/kulturi.mx\/index.php\/wp-json\/wp\/v2\/comments?post=6330"}],"version-history":[{"count":32,"href":"https:\/\/kulturi.mx\/index.php\/wp-json\/wp\/v2\/pages\/6330\/revisions"}],"predecessor-version":[{"id":7001,"href":"https:\/\/kulturi.mx\/index.php\/wp-json\/wp\/v2\/pages\/6330\/revisions\/7001"}],"wp:attachment":[{"href":"https:\/\/kulturi.mx\/index.php\/wp-json\/wp\/v2\/media?parent=6330"}],"curies":[{"name":"wp","href":"https:\/\/api.w.org\/{rel}","templated":true}]}}