{"id":4097,"date":"2021-06-09T02:10:52","date_gmt":"2021-06-09T02:10:52","guid":{"rendered":"http:\/\/161.35.55.70\/?page_id=4097"},"modified":"2022-02-28T04:34:04","modified_gmt":"2022-02-28T04:34:04","slug":"kulturi-en-tu-hogar","status":"publish","type":"page","link":"https:\/\/kulturi.mx\/index.php\/kulturi-en-tu-hogar\/","title":{"rendered":"Kulturi en tu hogar"},"content":{"rendered":"<p>[vc_row css_animation=&#8221;slideInUp&#8221; background_image_fixed_position=&#8221;yes&#8221; disable_background_image=&#8221;&#8221; simple_background_image=&#8221;4722&#8243;][vc_column css=&#8221;.vc_custom_1626275032167{margin-top: 20px !important;}&#8221;]<div class=\"qodef-elements-holder   qodef-two-columns  qodef-responsive-mode-1024 \" ><div class=\"qodef-eh-item     \" data-item-class=\"qodef-eh-custom-9774\">\n\t\t<div class=\"qodef-eh-item-inner\">\n\t\t<div class=\"qodef-eh-item-content qodef-eh-custom-9774\" >\n\t\t\t[vc_empty_space height=&#8221;40px&#8221;][vc_video link=&#8221;https:\/\/youtu.be\/uQ1OYO2vqlQ&#8221;][vc_empty_space height=&#8221;40px&#8221;]\t\t<\/div>\n\t<\/div>\n\t<\/div><div class=\"qodef-eh-item     \" data-item-class=\"qodef-eh-custom-6223\">\n\t\t<div class=\"qodef-eh-item-inner\">\n\t\t<div class=\"qodef-eh-item-content qodef-eh-custom-6223\" style=\"padding: 1% 10% 1% 10%\">\n\t\t\t<div class=\"qodef-section-title-holder   qodef-st-title-left qodef-st-normal-space qodef-st-with-animation\" >\n\t<div class=\"qodef-st-inner\">\n\t\t\t\t\t\t\t<div class=\"qodef-st-title-wrapper\">\n\t\t\t\t<h2 class=\"qodef-st-title\" >\n\t\t\t\t\tK\u00falturi en tu hogar\t\t\t\t<\/h2>\n\t\t\t<\/div>\n\t\t\t\t\t<\/div>\n<\/div>[vc_empty_space height=&#8221;40px&#8221;][vc_column_text]\u00bfTe apasiona el arte? \u00bfEscribes historias o compones melod\u00edas?<\/p>\n<p>\u00bfTienes alg\u00fan proyecto art\u00edstico o social para compartir?<\/p>\n<p>\u00a1Entonces <strong>K\u00falturi<\/strong> es tu hogar!<\/p>\n<p>Producimos y transmitimos contenido art\u00edstico de manera gratuita para difundirlo en redes sociales y promover las artes en sus diferentes formas.<\/p>\n<p>\u00a1Cont\u00e1ctanos y s\u00e9 parte de nuestra programaci\u00f3n para compartir con los dem\u00e1s lo que m\u00e1s te mueve![\/vc_column_text]\t\t<\/div>\n\t<\/div>\n\t<\/div><\/div>[\/vc_column][\/vc_row][vc_row css_animation=&#8221;slideInUp&#8221; row_content_width=&#8221;grid&#8221; background_image_fixed_position=&#8221;yes&#8221; disable_background_image=&#8221;&#8221; css=&#8221;.vc_custom_1624659513446{padding-top: 115px !important;padding-bottom: 118px !important;}&#8221; simple_background_image=&#8221;4722&#8243;][vc_column][vc_row_inner][vc_column_inner][vc_column_text]<\/p>\n<h3 style=\"text-align: center;\">\u00a1Revive lo mejor de los retos K\u00falturi del 2021!<\/h3>\n<p>[\/vc_column_text][vc_empty_space][\/vc_column_inner][\/vc_row_inner]<div class=\"qodef-elements-holder   qodef-two-columns  qodef-responsive-mode-1024 \" ><div class=\"qodef-eh-item     \" data-item-class=\"qodef-eh-custom-5963\">\n\t\t<div class=\"qodef-eh-item-inner\">\n\t\t<div class=\"qodef-eh-item-content qodef-eh-custom-5963\" style=\"padding: 1% 10% 1% 10%\">\n\t\t\t[vc_empty_space height=&#8221;20px&#8221;][vc_column_text]Durante todo el a\u00f1o del 2021 creamos diferentes retos para que crearas historias, canciones o cualquier obra art\u00edstica que tuviese que ver con el tema del mes.<\/p>\n<p>\u00a1Descubre los resultados de cada reto y suscr\u00edbete a nuestro canal!<\/p>\n<p>[\/vc_column_text]\t\t<\/div>\n\t<\/div>\n\t<\/div><div class=\"qodef-eh-item     \" data-item-class=\"qodef-eh-custom-6998\">\n\t\t<div class=\"qodef-eh-item-inner\">\n\t\t<div class=\"qodef-eh-item-content qodef-eh-custom-6998\" >\n\t\t\t[vc_empty_space height=&#8221;40px&#8221;][vc_empty_space height=&#8221;40px&#8221;][vc_video link=&#8221;https:\/\/youtu.be\/eFNgttb3KjI&#8221;]\t\t<\/div>\n\t<\/div>\n\t<\/div><\/div>[vc_empty_space][vc_empty_space][vc_row_inner][vc_column_inner][vc_empty_space][vc_column_text]<\/p>\n<h3 style=\"text-align: center;\">Nuestras c\u00e1psulas<\/h3>\n<p>[\/vc_column_text][\/vc_column_inner][\/vc_row_inner][vc_empty_space][vc_empty_space][vc_row_inner][vc_column_inner width=&#8221;1\/3&#8243; offset=&#8221;vc_col-lg-4 vc_col-md-12 vc_col-xs-12&#8243;][vc_hoverbox image=&#8221;5835&#8243; primary_title=&#8221;&#8221; hover_title=&#8221;LETRAS&#8221; hover_btn_title=&#8221;Ir a las c\u00e1psulas&#8221; hover_btn_color=&#8221;warning&#8221; hover_add_button=&#8221;true&#8221; hover_btn_link=&#8221;url:https%3A%2F%2Fkulturi.mx%2Findex.php%2Fletras%2F&#8221; hover_btn_el_class=&#8221;servicios_class&#8221; el_class=&#8221;servicios_class&#8221;]<span style=\"font-weight: 400; color: black;\">Encuentra: escritores nuevos, recomendaciones de libro, rese\u00f1as y m\u00e1s<\/span>[\/vc_hoverbox][\/vc_column_inner][vc_column_inner width=&#8221;1\/3&#8243; offset=&#8221;vc_col-lg-4 vc_col-md-12 vc_col-xs-12&#8243;][vc_hoverbox image=&#8221;5832&#8243; primary_title=&#8221;&#8221; hover_title=&#8221;M\u00daSICA&#8221; hover_btn_title=&#8221;Ir a las c\u00e1psulas&#8221; hover_btn_color=&#8221;sky&#8221; hover_add_button=&#8221;true&#8221; hover_btn_link=&#8221;url:https%3A%2F%2Fkulturi.mx%2Findex.php%2Fmusica%2F&#8221; hover_btn_el_class=&#8221;servicios_class&#8221; el_class=&#8221;servicios_class&#8221;]<span style=\"font-weight: 400; color: black;\">Descubre a nuevos artistas y disfruta de m\u00fasica diferente<\/span>[\/vc_hoverbox][\/vc_column_inner][vc_column_inner width=&#8221;1\/3&#8243; offset=&#8221;vc_col-lg-4 vc_col-md-12 vc_col-xs-12&#8243;][vc_hoverbox image=&#8221;5836&#8243; primary_title=&#8221;&#8221; hover_title=&#8221;ARTE &amp; CINE&#8221; hover_btn_title=&#8221;Ir a las c\u00e1psulas&#8221; hover_btn_color=&#8221;juicy-pink&#8221; hover_add_button=&#8221;true&#8221; hover_btn_link=&#8221;url:https%3A%2F%2Fkulturi.mx%2Findex.php%2Farte-cine%2F&#8221; hover_btn_el_class=&#8221;servicios_class&#8221; el_class=&#8221;servicios_class&#8221;]<span style=\"font-weight: 400; color: black;\">Conoce diferentes t\u00e9cnicas y actividades que podr\u00e1s hacer en familia<\/span>[\/vc_hoverbox][\/vc_column_inner][\/vc_row_inner][vc_row_inner][vc_column_inner width=&#8221;1\/3&#8243; offset=&#8221;vc_col-lg-4 vc_col-md-12 vc_col-xs-12&#8243;][vc_hoverbox image=&#8221;5837&#8243; primary_title=&#8221;&#8221; hover_title=&#8221;INFANTIL&#8221; hover_btn_title=&#8221;Ir a las c\u00e1psulas&#8221; hover_btn_color=&#8221;mulled-wine&#8221; hover_add_button=&#8221;true&#8221; hover_btn_link=&#8221;url:https%3A%2F%2Fkulturi.mx%2Findex.php%2Finfantil%2F|title:INFANTIL&#8221; hover_btn_el_class=&#8221;servicios_class&#8221; el_class=&#8221;servicios_class&#8221;]<span style=\"font-weight: 400; color: black;\">Divi\u00e9rtete con las cuentacuentos, experimentos en casa y m\u00e1s<\/span>[\/vc_hoverbox][\/vc_column_inner][vc_column_inner width=&#8221;1\/3&#8243; offset=&#8221;vc_col-lg-4 vc_col-md-12 vc_col-xs-12&#8243;][vc_hoverbox image=&#8221;5838&#8243; primary_title=&#8221;&#8221; hover_title=&#8221;CU\u00c9NTAME TU VIDA&#8221; hover_btn_title=&#8221;Ir a las c\u00e1psulas&#8221; hover_btn_color=&#8221;purple&#8221; hover_add_button=&#8221;true&#8221; hover_btn_link=&#8221;url:https%3A%2F%2Fkulturi.mx%2Findex.php%2Fcuentame-tu-vida%2F&#8221; hover_btn_el_class=&#8221;servicios_class small_text&#8221; el_class=&#8221;servicios_class small_text&#8221;]<span style=\"font-weight: 400; color: black;\">Te presentamos a gente incre\u00edble que nos rodea con su arte y pasi\u00f3n\u00a0<\/span>[\/vc_hoverbox][\/vc_column_inner][vc_column_inner width=&#8221;1\/3&#8243; offset=&#8221;vc_col-lg-4 vc_col-md-12 vc_col-xs-12&#8243;][vc_hoverbox image=&#8221;5406&#8243; primary_title=&#8221;RETO K\u00daLTURI&#8221; hover_title=&#8221;RETO K\u00daLTURI&#8221; hover_btn_title=&#8221;Ir a las c\u00e1psulas&#8221; hover_btn_color=&#8221;green&#8221; hover_add_button=&#8221;true&#8221; hover_btn_link=&#8221;url:https%3A%2F%2Fkulturi.mx%2Findex.php%2Freto-kulturi%2F&#8221; hover_btn_el_class=&#8221;servicios_class&#8221; el_class=&#8221;servicios_class&#8221;]<span style=\"font-weight: 400; color: black;\">Encuentra un nuevo reto art\u00edstico para hacer volar tu imaginaci\u00f3n \u00a1participa en el reto del mes!<\/span>[\/vc_hoverbox][\/vc_column_inner][\/vc_row_inner][vc_empty_space height=&#8221;40px&#8221;][\/vc_column][\/vc_row]<\/p>\n","protected":false},"excerpt":{"rendered":"<p>[vc_row css_animation=&#8221;slideInUp&#8221; background_image_fixed_position=&#8221;yes&#8221; disable_background_image=&#8221;&#8221; simple_background_image=&#8221;4722&#8243;][vc_column css=&#8221;.vc_custom_1626275032167{margin-top: 20px !important;}&#8221;][\/vc_column][\/vc_row][vc_row css_animation=&#8221;slideInUp&#8221; row_content_width=&#8221;grid&#8221; background_image_fixed_position=&#8221;yes&#8221; disable_background_image=&#8221;&#8221; css=&#8221;.vc_custom_1624659513446{padding-top: 115px !important;padding-bottom: 118px !important;}&#8221; simple_background_image=&#8221;4722&#8243;][vc_column][vc_row_inner][vc_column_inner][vc_column_text] \u00a1Revive lo mejor de los retos K\u00falturi del 2021! [\/vc_column_text][vc_empty_space][\/vc_column_inner][\/vc_row_inner][vc_empty_space][vc_empty_space][vc_row_inner][vc_column_inner][vc_empty_space][vc_column_text] Nuestras c\u00e1psulas [\/vc_column_text][\/vc_column_inner][\/vc_row_inner][vc_empty_space][vc_empty_space][vc_row_inner][vc_column_inner width=&#8221;1\/3&#8243; offset=&#8221;vc_col-lg-4 vc_col-md-12 vc_col-xs-12&#8243;][vc_hoverbox image=&#8221;5835&#8243; primary_title=&#8221;&#8221; hover_title=&#8221;LETRAS&#8221; hover_btn_title=&#8221;Ir a [&hellip;]<\/p>\n","protected":false},"author":1,"featured_media":0,"parent":0,"menu_order":0,"comment_status":"closed","ping_status":"closed","template":"full-width.php","meta":{"footnotes":""},"class_list":["post-4097","page","type-page","status-publish","hentry"],"_links":{"self":[{"href":"https:\/\/kulturi.mx\/index.php\/wp-json\/wp\/v2\/pages\/4097","targetHints":{"allow":["GET"]}}],"collection":[{"href":"https:\/\/kulturi.mx\/index.php\/wp-json\/wp\/v2\/pages"}],"about":[{"href":"https:\/\/kulturi.mx\/index.php\/wp-json\/wp\/v2\/types\/page"}],"author":[{"embeddable":true,"href":"https:\/\/kulturi.mx\/index.php\/wp-json\/wp\/v2\/users\/1"}],"replies":[{"embeddable":true,"href":"https:\/\/kulturi.mx\/index.php\/wp-json\/wp\/v2\/comments?post=4097"}],"version-history":[{"count":102,"href":"https:\/\/kulturi.mx\/index.php\/wp-json\/wp\/v2\/pages\/4097\/revisions"}],"predecessor-version":[{"id":6220,"href":"https:\/\/kulturi.mx\/index.php\/wp-json\/wp\/v2\/pages\/4097\/revisions\/6220"}],"wp:attachment":[{"href":"https:\/\/kulturi.mx\/index.php\/wp-json\/wp\/v2\/media?parent=4097"}],"curies":[{"name":"wp","href":"https:\/\/api.w.org\/{rel}","templated":true}]}}