{"id":4063,"date":"2021-06-09T01:16:34","date_gmt":"2021-06-09T01:16:34","guid":{"rendered":"http:\/\/161.35.55.70\/?page_id=4063"},"modified":"2023-02-03T21:05:04","modified_gmt":"2023-02-03T21:05:04","slug":"servicios","status":"publish","type":"page","link":"https:\/\/kulturi.mx\/index.php\/servicios\/","title":{"rendered":"Servicios"},"content":{"rendered":"<p>[vc_row][vc_column][vc_empty_space][vc_column_text]<\/p>\n<h3 style=\"text-align: center;\">Conoce nuestros servicios<\/h3>\n<p>[\/vc_column_text][\/vc_column][\/vc_row][vc_row row_content_width=&#8221;grid&#8221; css=&#8221;.vc_custom_1529333339392{padding-top: 110px !important;}&#8221;][vc_column offset=&#8221;vc_col-lg-offset-0 vc_col-lg-3 vc_col-md-offset-0 vc_col-md-6 vc_col-sm-offset-0 vc_col-xs-12&#8243;]<div class=\"qodef-elements-holder   qodef-one-column  qodef-responsive-mode-768 \" ><div class=\"qodef-eh-item     \" data-item-class=\"qodef-eh-custom-9393\" data-1367-1600=\"67px 0px 0px 0px\" data-1025-1366=\"67px 0px 0px 0px\" data-769-1024=\"67px 0px 65px 0px\">\n\t\t<div class=\"qodef-eh-item-inner\">\n\t\t<div class=\"qodef-eh-item-content qodef-eh-custom-9393\" style=\"padding: 67px 0px 0px 0px\">\n\t\t\t<div class=\"qodef-section-title-holder   qodef-st-title-left qodef-st-normal-space qodef-st-with-animation\" >\n\t<div class=\"qodef-st-inner\">\n\t\t\t\t\t\t\t<div class=\"qodef-st-title-wrapper\">\n\t\t\t\t<h2 class=\"qodef-st-title\" >\n\t\t\t\t\tTalleres culturales personalizados\t\t\t\t<\/h2>\n\t\t\t<\/div>\n\t\t\t\t\t<\/div>\n<\/div>[vc_empty_space height=&#8221;18px&#8221;][vc_column_text]<span style=\"font-weight: 400;\">Creaci\u00f3n de talleres literarios, talleres de escritura, talleres creativos sobre g\u00e9neros literarios, talleres de arte gestionados de manera personalizada para el sector p\u00fablico, privado y educativo.\u00a0<\/span>[\/vc_column_text]\t\t<\/div>\n\t<\/div>\n\t<\/div><\/div>[\/vc_column][vc_column offset=&#8221;vc_col-lg-offset-0 vc_col-lg-3 vc_col-md-offset-0 vc_col-md-6 vc_col-sm-offset-0 vc_col-xs-12&#8243;]<div class=\"qodef-elements-holder   qodef-one-column  qodef-responsive-mode-768 \" ><div class=\"qodef-eh-item     \" data-item-class=\"qodef-eh-custom-8160\" data-1367-1600=\"209px 0px 0px 0px\" data-1025-1366=\"209px 0px 0px 0px\" data-769-1024=\"209px 0px 0px 0px\">\n\t\t<div class=\"qodef-eh-item-inner\">\n\t\t<div class=\"qodef-eh-item-content qodef-eh-custom-8160\" style=\"padding: 209px 0px 0px 0px\">\n\t\t\t[vc_column_text]<\/p>\n<p>&nbsp;<\/p>\n<p>&nbsp;<\/p>\n<p><span style=\"font-weight: 400;\">Los talleres se adaptan a las necesidades del p\u00fablico, as\u00ed como a sus edades y contexto social.\u00a0<\/span>[\/vc_column_text]\t\t<\/div>\n\t<\/div>\n\t<\/div><\/div>[\/vc_column][vc_column css_animation=&#8221;slideInUp&#8221; offset=&#8221;vc_col-lg-offset-0 vc_col-lg-6 vc_col-md-offset-0 vc_col-md-12 vc_col-sm-offset-0 vc_col-xs-12&#8243;]<div class=\"qodef-single-image-holder   qodef-image-behavior-zoom\">\n    <div class=\"qodef-si-inner\" >\n                                    <img loading=\"lazy\" decoding=\"async\" width=\"1040\" height=\"1040\" src=\"https:\/\/kulturi.mx\/wp-content\/uploads\/2023\/02\/collageTalleresPersonalizados.jpg\" class=\"attachment-full size-full\" alt=\"\" srcset=\"https:\/\/kulturi.mx\/wp-content\/uploads\/2023\/02\/collageTalleresPersonalizados.jpg 1040w, https:\/\/kulturi.mx\/wp-content\/uploads\/2023\/02\/collageTalleresPersonalizados-300x300.jpg 300w, https:\/\/kulturi.mx\/wp-content\/uploads\/2023\/02\/collageTalleresPersonalizados-1024x1024.jpg 1024w, https:\/\/kulturi.mx\/wp-content\/uploads\/2023\/02\/collageTalleresPersonalizados-150x150.jpg 150w, https:\/\/kulturi.mx\/wp-content\/uploads\/2023\/02\/collageTalleresPersonalizados-768x768.jpg 768w, https:\/\/kulturi.mx\/wp-content\/uploads\/2023\/02\/collageTalleresPersonalizados-650x650.jpg 650w, https:\/\/kulturi.mx\/wp-content\/uploads\/2023\/02\/collageTalleresPersonalizados-600x600.jpg 600w, https:\/\/kulturi.mx\/wp-content\/uploads\/2023\/02\/collageTalleresPersonalizados-100x100.jpg 100w\" sizes=\"auto, (max-width: 1040px) 100vw, 1040px\" \/>                        <\/div>\n<\/div>[\/vc_column][\/vc_row][vc_row row_content_width=&#8221;grid&#8221; css=&#8221;.vc_custom_1529333339392{padding-top: 110px !important;}&#8221;][vc_column css_animation=&#8221;slideInUp&#8221; offset=&#8221;vc_col-lg-offset-0 vc_col-lg-6 vc_col-md-offset-0 vc_col-md-12 vc_col-sm-offset-0 vc_col-xs-12&#8243;]<div class=\"qodef-single-image-holder   qodef-image-behavior-zoom\">\n    <div class=\"qodef-si-inner\" >\n                                    <img loading=\"lazy\" decoding=\"async\" width=\"2560\" height=\"1707\" src=\"https:\/\/kulturi.mx\/wp-content\/uploads\/2021\/08\/ferias-de-libro-scaled.jpg\" class=\"attachment-full size-full\" alt=\"\" srcset=\"https:\/\/kulturi.mx\/wp-content\/uploads\/2021\/08\/ferias-de-libro-scaled.jpg 2560w, https:\/\/kulturi.mx\/wp-content\/uploads\/2021\/08\/ferias-de-libro-300x200.jpg 300w, https:\/\/kulturi.mx\/wp-content\/uploads\/2021\/08\/ferias-de-libro-1024x683.jpg 1024w, https:\/\/kulturi.mx\/wp-content\/uploads\/2021\/08\/ferias-de-libro-768x512.jpg 768w, https:\/\/kulturi.mx\/wp-content\/uploads\/2021\/08\/ferias-de-libro-1536x1024.jpg 1536w, https:\/\/kulturi.mx\/wp-content\/uploads\/2021\/08\/ferias-de-libro-600x400.jpg 600w\" sizes=\"auto, (max-width: 2560px) 100vw, 2560px\" \/>                        <\/div>\n<\/div>[\/vc_column][vc_column offset=&#8221;vc_col-lg-offset-0 vc_col-lg-3 vc_col-md-offset-0 vc_col-md-6 vc_col-sm-offset-0 vc_col-xs-12&#8243;]<div class=\"qodef-elements-holder   qodef-one-column  qodef-responsive-mode-768 \" ><div class=\"qodef-eh-item     \" data-item-class=\"qodef-eh-custom-9832\" data-1367-1600=\"67px 0px 0px 0px\" data-1025-1366=\"67px 0px 0px 0px\" data-769-1024=\"67px 0px 65px 0px\">\n\t\t<div class=\"qodef-eh-item-inner\">\n\t\t<div class=\"qodef-eh-item-content qodef-eh-custom-9832\" style=\"padding: 67px 0px 0px 0px\">\n\t\t\t<div class=\"qodef-section-title-holder   qodef-st-title-left qodef-st-normal-space qodef-st-with-animation\" >\n\t<div class=\"qodef-st-inner\">\n\t\t\t\t\t\t\t<div class=\"qodef-st-title-wrapper\">\n\t\t\t\t<h2 class=\"qodef-st-title\" >\n\t\t\t\t\tFerias y festivales personalizados\t\t\t\t<\/h2>\n\t\t\t<\/div>\n\t\t\t\t\t<\/div>\n<\/div>[vc_empty_space height=&#8221;18px&#8221;][vc_column_text]<span style=\"font-weight: 400;\">Organizaci\u00f3n de ferias del libro, festivales de m\u00fasica y literatura, presentaciones de libro y conversatorios con artistas.<\/span>[\/vc_column_text]\t\t<\/div>\n\t<\/div>\n\t<\/div><\/div>[\/vc_column][vc_column offset=&#8221;vc_col-lg-offset-0 vc_col-lg-3 vc_col-md-offset-0 vc_col-md-6 vc_col-sm-offset-0 vc_col-xs-12&#8243;]<div class=\"qodef-elements-holder   qodef-one-column  qodef-responsive-mode-768 \" ><div class=\"qodef-eh-item     \" data-item-class=\"qodef-eh-custom-2699\" data-1367-1600=\"209px 0px 0px 0px\" data-1025-1366=\"209px 0px 0px 0px\" data-769-1024=\"209px 0px 0px 0px\">\n\t\t<div class=\"qodef-eh-item-inner\">\n\t\t<div class=\"qodef-eh-item-content qodef-eh-custom-2699\" style=\"padding: 209px 0px 0px 0px\">\n\t\t\t[vc_column_text]<\/p>\n<p>&nbsp;<\/p>\n<p>&nbsp;<\/p>\n<p><span style=\"font-weight: 400;\">Nos aseguramos de que todos los eventos sean adaptados al espacio y p\u00fablico que se requiere.\u00a0<\/span>[\/vc_column_text]\t\t<\/div>\n\t<\/div>\n\t<\/div><\/div>[\/vc_column][\/vc_row][vc_row row_content_width=&#8221;grid&#8221; css=&#8221;.vc_custom_1529333339392{padding-top: 110px !important;}&#8221;][vc_column offset=&#8221;vc_col-lg-offset-0 vc_col-lg-3 vc_col-md-offset-0 vc_col-md-6 vc_col-sm-offset-0 vc_col-xs-12&#8243;]<div class=\"qodef-elements-holder   qodef-one-column  qodef-responsive-mode-768 \" ><div class=\"qodef-eh-item     \" data-item-class=\"qodef-eh-custom-6933\" data-1367-1600=\"67px 0px 0px 0px\" data-1025-1366=\"67px 0px 0px 0px\" data-769-1024=\"67px 0px 65px 0px\">\n\t\t<div class=\"qodef-eh-item-inner\">\n\t\t<div class=\"qodef-eh-item-content qodef-eh-custom-6933\" style=\"padding: 67px 0px 0px 0px\">\n\t\t\t<div class=\"qodef-section-title-holder   qodef-st-title-left qodef-st-normal-space qodef-st-with-animation\" >\n\t<div class=\"qodef-st-inner\">\n\t\t\t\t\t\t\t<div class=\"qodef-st-title-wrapper\">\n\t\t\t\t<h2 class=\"qodef-st-title\" >\n\t\t\t\t\tCreaci\u00f3n de bibliotecas\t\t\t\t<\/h2>\n\t\t\t<\/div>\n\t\t\t\t\t<\/div>\n<\/div>[vc_empty_space height=&#8221;18px&#8221;][vc_column_text]<span style=\"font-weight: 400;\">Ayudamos en la recomendaci\u00f3n y selecci\u00f3n de material de lectura enfocada en las necesidades de las edades y del plan de estudios espec\u00edficos para cada <\/span><span style=\"font-weight: 400;\">Instituci\u00f3n.\u00a0<\/span>[\/vc_column_text]\t\t<\/div>\n\t<\/div>\n\t<\/div><\/div>[\/vc_column][vc_column offset=&#8221;vc_col-lg-offset-0 vc_col-lg-3 vc_col-md-offset-0 vc_col-md-6 vc_col-sm-offset-0 vc_col-xs-12&#8243;]<div class=\"qodef-elements-holder   qodef-one-column  qodef-responsive-mode-768 \" ><div class=\"qodef-eh-item     \" data-item-class=\"qodef-eh-custom-5115\" data-1367-1600=\"209px 0px 0px 0px\" data-1025-1366=\"209px 0px 0px 0px\" data-769-1024=\"209px 0px 0px 0px\">\n\t\t<div class=\"qodef-eh-item-inner\">\n\t\t<div class=\"qodef-eh-item-content qodef-eh-custom-5115\" style=\"padding: 209px 0px 0px 0px\">\n\t\t\t[vc_column_text]<span style=\"font-weight: 400;\">Brindamos asesoramiento para crear bibliotecas comunitarias que promuevan la lectura y los lazos sociales a trav\u00e9s de un espacio 100% de autogesti\u00f3n.<\/span>[\/vc_column_text]\t\t<\/div>\n\t<\/div>\n\t<\/div><\/div>[\/vc_column][vc_column css_animation=&#8221;slideInUp&#8221; offset=&#8221;vc_col-lg-offset-0 vc_col-lg-6 vc_col-md-offset-0 vc_col-md-12 vc_col-sm-offset-0 vc_col-xs-12&#8243;]<div class=\"qodef-single-image-holder   qodef-image-behavior-zoom\">\n    <div class=\"qodef-si-inner\" >\n                                    <img loading=\"lazy\" decoding=\"async\" width=\"564\" height=\"564\" src=\"https:\/\/kulturi.mx\/wp-content\/uploads\/2021\/08\/bibliotecacomunitaria.jpeg\" class=\"attachment-full size-full\" alt=\"\" srcset=\"https:\/\/kulturi.mx\/wp-content\/uploads\/2021\/08\/bibliotecacomunitaria.jpeg 564w, https:\/\/kulturi.mx\/wp-content\/uploads\/2021\/08\/bibliotecacomunitaria-300x300.jpeg 300w, https:\/\/kulturi.mx\/wp-content\/uploads\/2021\/08\/bibliotecacomunitaria-150x150.jpeg 150w, https:\/\/kulturi.mx\/wp-content\/uploads\/2021\/08\/bibliotecacomunitaria-100x100.jpeg 100w\" sizes=\"auto, (max-width: 564px) 100vw, 564px\" \/>                        <\/div>\n<\/div>[\/vc_column][\/vc_row][vc_row row_content_width=&#8221;grid&#8221; css=&#8221;.vc_custom_1529333339392{padding-top: 110px !important;}&#8221;][vc_column css_animation=&#8221;slideInUp&#8221; offset=&#8221;vc_col-lg-offset-0 vc_col-lg-6 vc_col-md-offset-0 vc_col-md-12 vc_col-sm-offset-0 vc_col-xs-12&#8243;]<div class=\"qodef-single-image-holder   qodef-image-behavior-zoom\">\n    <div class=\"qodef-si-inner\" >\n                                    <img loading=\"lazy\" decoding=\"async\" width=\"1470\" height=\"1148\" src=\"https:\/\/kulturi.mx\/wp-content\/uploads\/2021\/08\/Untitled.png\" class=\"attachment-full size-full\" alt=\"\" srcset=\"https:\/\/kulturi.mx\/wp-content\/uploads\/2021\/08\/Untitled.png 1470w, https:\/\/kulturi.mx\/wp-content\/uploads\/2021\/08\/Untitled-300x234.png 300w, https:\/\/kulturi.mx\/wp-content\/uploads\/2021\/08\/Untitled-1024x800.png 1024w, https:\/\/kulturi.mx\/wp-content\/uploads\/2021\/08\/Untitled-768x600.png 768w, https:\/\/kulturi.mx\/wp-content\/uploads\/2021\/08\/Untitled-600x469.png 600w\" sizes=\"auto, (max-width: 1470px) 100vw, 1470px\" \/>                        <\/div>\n<\/div>[\/vc_column][vc_column offset=&#8221;vc_col-lg-offset-0 vc_col-lg-3 vc_col-md-offset-0 vc_col-md-6 vc_col-sm-offset-0 vc_col-xs-12&#8243;]<div class=\"qodef-elements-holder   qodef-one-column  qodef-responsive-mode-768 \" ><div class=\"qodef-eh-item     \" data-item-class=\"qodef-eh-custom-9271\" data-1367-1600=\"67px 0px 0px 0px\" data-1025-1366=\"67px 0px 0px 0px\" data-769-1024=\"67px 0px 65px 0px\">\n\t\t<div class=\"qodef-eh-item-inner\">\n\t\t<div class=\"qodef-eh-item-content qodef-eh-custom-9271\" style=\"padding: 67px 0px 0px 0px\">\n\t\t\t<div class=\"qodef-section-title-holder   qodef-st-title-left qodef-st-normal-space qodef-st-with-animation\" >\n\t<div class=\"qodef-st-inner\">\n\t\t\t\t\t\t\t<div class=\"qodef-st-title-wrapper\">\n\t\t\t\t<h2 class=\"qodef-st-title\" >\n\t\t\t\t\tRealizaci\u00f3n de productos literarios\t\t\t\t<\/h2>\n\t\t\t<\/div>\n\t\t\t\t\t<\/div>\n<\/div>[vc_empty_space height=&#8221;18px&#8221;][vc_column_text]<span style=\"font-weight: 400;\">En conjunto con los talleres, buscamos generar un producto final que recopile las memorias, relatos\u00a0 e historias.\u00a0<\/span>[\/vc_column_text]\t\t<\/div>\n\t<\/div>\n\t<\/div><\/div>[\/vc_column][vc_column offset=&#8221;vc_col-lg-offset-0 vc_col-lg-3 vc_col-md-offset-0 vc_col-md-6 vc_col-sm-offset-0 vc_col-xs-12&#8243;]<div class=\"qodef-elements-holder   qodef-one-column  qodef-responsive-mode-768 \" ><div class=\"qodef-eh-item     \" data-item-class=\"qodef-eh-custom-7518\" data-1367-1600=\"209px 0px 0px 0px\" data-1025-1366=\"209px 0px 0px 0px\" data-769-1024=\"209px 0px 0px 0px\">\n\t\t<div class=\"qodef-eh-item-inner\">\n\t\t<div class=\"qodef-eh-item-content qodef-eh-custom-7518\" style=\"padding: 209px 0px 0px 0px\">\n\t\t\t[vc_column_text][\/vc_column_text]\t\t<\/div>\n\t<\/div>\n\t<\/div><\/div>[\/vc_column][\/vc_row][vc_row][vc_column css=&#8221;.vc_custom_1623201049624{margin-top: 30px !important;margin-left: 10% !important;}&#8221;][vc_row_inner][vc_column_inner width=&#8221;1\/3&#8243;][\/vc_column_inner][vc_column_inner width=&#8221;1\/3&#8243;]<a itemprop=\"url\" href=\"https:\/\/www.instagram.com\/kulturiqro\/?hl=es\" target=\"_self\"  class=\"qodef-btn qodef-btn-medium qodef-btn-solid qodef-with-svg-arrow\"  >\n    <span class=\"qodef-btn-text\">\n        <span class=\"qodef-btn-text-inner\">\u00a1Quiero informes!<\/span>\n                    <svg class=\"qodef-svg-icon\" x=\"0px\" y=\"0px\" viewBox=\"0 0 5 8.7\" enable-background=\"new 0 0 5 8.7\" xml:space=\"preserve\" >\n                <path d=\"M0.3,7.6l3.2-3.3L0.3,1.1C0,0.8,0,0.6,0.3,0.3c0.3-0.3,0.5-0.3,0.8,0L4.7,4c0.1,0.1,0.2,0.2,0.2,0.4c0,0.2-0.1,0.3-0.2,0.4 \n                        L1.1,8.4c-0.3,0.3-0.5,0.3-0.8,0C0,8.2,0,7.9,0.3,7.6z\"\/>\n            <\/svg>\n            <\/span>\n    <\/a>[\/vc_column_inner][vc_column_inner width=&#8221;1\/3&#8243;][\/vc_column_inner][\/vc_row_inner][\/vc_column][\/vc_row][vc_row][vc_column][vc_empty_space][vc_column_text]<\/p>\n<h3 style=\"text-align: center;\">\u00a1Liberamos Estancias Profesionales y Servicios Sociales!<\/h3>\n<p>[\/vc_column_text][\/vc_column][\/vc_row][vc_row][vc_column][vc_empty_space][\/vc_column][\/vc_row]<\/p>\n","protected":false},"excerpt":{"rendered":"<p>[vc_row][vc_column][vc_empty_space][vc_column_text] Conoce nuestros servicios [\/vc_column_text][\/vc_column][\/vc_row][vc_row row_content_width=&#8221;grid&#8221; css=&#8221;.vc_custom_1529333339392{padding-top: 110px !important;}&#8221;][vc_column offset=&#8221;vc_col-lg-offset-0 vc_col-lg-3 vc_col-md-offset-0 vc_col-md-6 vc_col-sm-offset-0 vc_col-xs-12&#8243;][\/vc_column][vc_column offset=&#8221;vc_col-lg-offset-0 vc_col-lg-3 vc_col-md-offset-0 vc_col-md-6 vc_col-sm-offset-0 vc_col-xs-12&#8243;][\/vc_column][vc_column css_animation=&#8221;slideInUp&#8221; offset=&#8221;vc_col-lg-offset-0 vc_col-lg-6 vc_col-md-offset-0 vc_col-md-12 vc_col-sm-offset-0 vc_col-xs-12&#8243;][\/vc_column][\/vc_row][vc_row row_content_width=&#8221;grid&#8221; css=&#8221;.vc_custom_1529333339392{padding-top: 110px !important;}&#8221;][vc_column css_animation=&#8221;slideInUp&#8221; offset=&#8221;vc_col-lg-offset-0 vc_col-lg-6 vc_col-md-offset-0 vc_col-md-12 vc_col-sm-offset-0 vc_col-xs-12&#8243;][\/vc_column][vc_column offset=&#8221;vc_col-lg-offset-0 [&hellip;]<\/p>\n","protected":false},"author":1,"featured_media":0,"parent":0,"menu_order":0,"comment_status":"closed","ping_status":"closed","template":"full-width.php","meta":{"footnotes":""},"class_list":["post-4063","page","type-page","status-publish","hentry"],"_links":{"self":[{"href":"https:\/\/kulturi.mx\/index.php\/wp-json\/wp\/v2\/pages\/4063","targetHints":{"allow":["GET"]}}],"collection":[{"href":"https:\/\/kulturi.mx\/index.php\/wp-json\/wp\/v2\/pages"}],"about":[{"href":"https:\/\/kulturi.mx\/index.php\/wp-json\/wp\/v2\/types\/page"}],"author":[{"embeddable":true,"href":"https:\/\/kulturi.mx\/index.php\/wp-json\/wp\/v2\/users\/1"}],"replies":[{"embeddable":true,"href":"https:\/\/kulturi.mx\/index.php\/wp-json\/wp\/v2\/comments?post=4063"}],"version-history":[{"count":34,"href":"https:\/\/kulturi.mx\/index.php\/wp-json\/wp\/v2\/pages\/4063\/revisions"}],"predecessor-version":[{"id":6527,"href":"https:\/\/kulturi.mx\/index.php\/wp-json\/wp\/v2\/pages\/4063\/revisions\/6527"}],"wp:attachment":[{"href":"https:\/\/kulturi.mx\/index.php\/wp-json\/wp\/v2\/media?parent=4063"}],"curies":[{"name":"wp","href":"https:\/\/api.w.org\/{rel}","templated":true}]}}